{"id":9,"date":"2020-02-02T19:50:35","date_gmt":"2020-02-02T19:50:35","guid":{"rendered":"http:\/\/hermann-von-salza.vcp-starkenburg.de\/?page_id=9"},"modified":"2024-08-03T13:16:31","modified_gmt":"2024-08-03T13:16:31","slug":"startseite","status":"publish","type":"page","link":"https:\/\/hermann-von-salza.vcp-starkenburg.de\/","title":{"rendered":"Startseite"},"content":{"rendered":"\n<h2 class=\"wp-block-heading\">Sch\u00f6n, dass Sie zu uns gefunden haben<\/h2>\n\n\n\n<p>Herzlich Willkommen auf der Internetseite des VCP Nauheim.<br>Hier erhalten Sie viele Informationen \u00fcber den Verband, die Pfadfinderei sowie \u00fcber uns und unsere Gruppen. <\/p>\n\n\n\n<p><\/p>\n\n\n\n<h2 class=\"wp-block-heading\">Wer sind wir?<\/h2>\n\n\n\n<p><em>\u201eOhne Abenteuer w\u00e4re das Leben t\u00f6dlich langweilig.&#8220;<\/em> &#8211; Robert Baden-Powell (Gr\u00fcnder der Pfadfinder)<\/p>\n\n\n\n<p>F\u00fcr uns Pfadfinderinnen und Pfadfinder ist das Leben ein Abenteuer. Egal, ob wir im Sommer auf das Bundeslager mit 5.000 anderen Menschen aus ganz Deutschland fahren oder in der Gruppenstunde am kleinen Lagerfeuer singen. F\u00fcr uns gibt es immer etwas Neues. Mehr \u00fcber die Pfadfinder im Allgemeinen findest du hier.<\/p>\n\n\n\n<p>Bei uns geht es darum Zeit in der Gemeinschaft zu verbringen. Wir haben Gruppen in allen Altersstufen und treffen uns w\u00f6chentlich in der Pfarrgasse 13 in Nauheim. Bei weiterem Interesse schreibe gerne eine E-Mail an vcpnauheim@gmail.com. <\/p>\n\n\n\n<p>Neben unseren <a href=\"https:\/\/hermann-von-salza.vcp-starkenburg.de\/?page_id=42\">Gruppenstunden<\/a> fahren wir mehrmals im Jahr Zelten oder veranstalten andere spa\u00dfige Aktionen.<\/p>\n\n\n\n<p><\/p>\n\n\n\n<p><\/p>\n\n\n\n<figure class=\"wp-block-embed is-type-video is-provider-vimeo wp-block-embed-vimeo wp-embed-aspect-16-9 wp-has-aspect-ratio\"><div class=\"wp-block-embed__wrapper\">\n<iframe loading=\"lazy\" title=\"RDP Friedenspreis\" src=\"https:\/\/player.vimeo.com\/video\/279990726?dnt=1&amp;app_id=122963\" width=\"525\" height=\"295\" frameborder=\"0\" allow=\"autoplay; fullscreen; picture-in-picture; clipboard-write\"><\/iframe>\n<\/div><\/figure>\n\n\n\n<p><\/p>\n\n\n\n<hr class=\"wp-block-separator has-alpha-channel-opacity is-style-wide\"\/>\n\n\n\n<p><strong>Projektbericht K\u00fcchenjurte<\/strong><\/p>\n\n\n\n<p>Dank der gro\u00dfz\u00fcgigen Spenden der <strong><a href=\"https:\/\/vcp-stiftung.de\/\" data-type=\"link\" data-id=\"https:\/\/vcp-stiftung.de\/\">Evangelischen Stiftung Pfadfinden<\/a><\/strong>, der <strong>Kirchengemeinde Nauheim<\/strong>, dem <strong>Evangelischen Dekanat Gro\u00df-Gerau\/R\u00fcsselsheim<\/strong> und weiteren erfolgreichen Finanzierungsaktionen konnte der Pfadfinder-Stamm Hermann von Salza (VCP) eine neue Jurte erwerben. Gegen aller Erwartungen des Ausstatters F&amp;F kam das neue Zelt noch lange vor dem Landeslager im Sommer an und konnte schon beim Sommerfest der Nauheimer aufgebaut und von Mitgliedern und Freunden des Pfadfinderstammes bestaunt werden. Eine Neuheit ist das sogenannte Schlaufensystem, welche das Anbringen der Seitenw\u00e4nde erleichtert. Mit dem System sind wir froh, eine Jurte mit der neusten Pfadfinder-Zelttechnik in unserem Bestand zu haben. Die Jurte wird aufgrund ihrer \u00fcberdurchschnittlichen H\u00f6he (2,1m) dazu verwendet, auf Zeltlagern die K\u00fcche unterzubringen.<\/p>\n\n\n\n<figure class=\"wp-block-image\"><img loading=\"lazy\" decoding=\"async\" width=\"851\" height=\"473\" src=\"https:\/\/hermann-von-salza.vcp-starkenburg.de\/wp-content\/uploads\/2024\/07\/Jurte.png\" alt=\"\" class=\"wp-image-197\" srcset=\"https:\/\/hermann-von-salza.vcp-starkenburg.de\/wp-content\/uploads\/2024\/07\/Jurte.png 851w, https:\/\/hermann-von-salza.vcp-starkenburg.de\/wp-content\/uploads\/2024\/07\/Jurte-300x167.png 300w, https:\/\/hermann-von-salza.vcp-starkenburg.de\/wp-content\/uploads\/2024\/07\/Jurte-768x427.png 768w\" sizes=\"auto, (max-width: 767px) 89vw, (max-width: 1000px) 54vw, (max-width: 1071px) 543px, 580px\" \/><\/figure>\n","protected":false},"excerpt":{"rendered":"<p>Sch\u00f6n, dass Sie zu uns gefunden haben Herzlich Willkommen auf der Internetseite des VCP Nauheim.Hier erhalten Sie viele Informationen \u00fcber den Verband, die Pfadfinderei sowie \u00fcber uns und unsere Gruppen. Wer sind wir? \u201eOhne Abenteuer w\u00e4re das Leben t\u00f6dlich langweilig.&#8220; &#8211; Robert Baden-Powell (Gr\u00fcnder der Pfadfinder) F\u00fcr uns Pfadfinderinnen und Pfadfinder ist das Leben ein &hellip; <\/p>\n<p class=\"link-more\"><a href=\"https:\/\/hermann-von-salza.vcp-starkenburg.de\/\" class=\"more-link\"><span class=\"screen-reader-text\">\u201eStartseite\u201c<\/span> weiterlesen<\/a><\/p>\n","protected":false},"author":3,"featured_media":0,"parent":0,"menu_order":0,"comment_status":"closed","ping_status":"closed","template":"","meta":{"footnotes":""},"class_list":["post-9","page","type-page","status-publish","hentry"],"_links":{"self":[{"href":"https:\/\/hermann-von-salza.vcp-starkenburg.de\/index.php?rest_route=\/wp\/v2\/pages\/9","targetHints":{"allow":["GET"]}}],"collection":[{"href":"https:\/\/hermann-von-salza.vcp-starkenburg.de\/index.php?rest_route=\/wp\/v2\/pages"}],"about":[{"href":"https:\/\/hermann-von-salza.vcp-starkenburg.de\/index.php?rest_route=\/wp\/v2\/types\/page"}],"author":[{"embeddable":true,"href":"https:\/\/hermann-von-salza.vcp-starkenburg.de\/index.php?rest_route=\/wp\/v2\/users\/3"}],"replies":[{"embeddable":true,"href":"https:\/\/hermann-von-salza.vcp-starkenburg.de\/index.php?rest_route=%2Fwp%2Fv2%2Fcomments&post=9"}],"version-history":[{"count":9,"href":"https:\/\/hermann-von-salza.vcp-starkenburg.de\/index.php?rest_route=\/wp\/v2\/pages\/9\/revisions"}],"predecessor-version":[{"id":201,"href":"https:\/\/hermann-von-salza.vcp-starkenburg.de\/index.php?rest_route=\/wp\/v2\/pages\/9\/revisions\/201"}],"wp:attachment":[{"href":"https:\/\/hermann-von-salza.vcp-starkenburg.de\/index.php?rest_route=%2Fwp%2Fv2%2Fmedia&parent=9"}],"curies":[{"name":"wp","href":"https:\/\/api.w.org\/{rel}","templated":true}]}}