{"id":8,"date":"2020-02-02T19:50:35","date_gmt":"2020-02-02T19:50:35","guid":{"rendered":"http:\/\/hermann-von-salza.vcp-starkenburg.de\/?page_id=8"},"modified":"2022-05-23T11:05:46","modified_gmt":"2022-05-23T11:05:46","slug":"ueber-uns","status":"publish","type":"page","link":"https:\/\/hermann-von-salza.vcp-starkenburg.de\/?page_id=8","title":{"rendered":"\u00dcber uns"},"content":{"rendered":"\n<h2 class=\"wp-block-heading\">\u00dcber uns<\/h2>\n\n\n\n<p>Im Jahre 1927 trafen sich in Nauheim mit Pfarrvikar H\u00fcbner die ersten Jungs in der Jahnstra\u00dfe 4, um unter anderem Geheimschriften zu \u00fcben. Seitdem hat sich viel getan. Nicht nur, dass Koedukation selbstverst\u00e4ndlich wurde, auch die neuen Medien werden selbstverst\u00e4ndlich genutzt. Aus der offiziellen Stammesgr\u00fcndung 1954 ist ein Stamm von mittlerweile \u00fcber 50 Mitgliedern jeder Altersgruppe. Neben den w\u00f6chentlichen Gruppenstunden finden auch etwaige Lager oder andere Fahrten statt.<\/p>\n\n\n\n<p><\/p>\n\n\n\n<p>Zugeh\u00f6rigkeit zur VCP Region Starkenburg <\/p>\n\n\n\n<p>Als verschiedene St\u00e4mme kommen wir als <a href=\"https:\/\/pfadfinder-starkenburg.bss.design\/\" data-type=\"URL\" data-id=\"https:\/\/pfadfinder-starkenburg.bss.design\/\" target=\"_blank\" rel=\"noreferrer noopener\">Region Starkenburg<\/a> zu vielen verschiedenen Veranstaltungen zusammen und stehen untereinander in starkem Kontakt.<\/p>\n","protected":false},"excerpt":{"rendered":"<p>\u00dcber uns Im Jahre 1927 trafen sich in Nauheim mit Pfarrvikar H\u00fcbner die ersten Jungs in der Jahnstra\u00dfe 4, um unter anderem Geheimschriften zu \u00fcben. Seitdem hat sich viel getan. Nicht nur, dass Koedukation selbstverst\u00e4ndlich wurde, auch die neuen Medien werden selbstverst\u00e4ndlich genutzt. Aus der offiziellen Stammesgr\u00fcndung 1954 ist ein Stamm von mittlerweile \u00fcber 50 &hellip; <\/p>\n<p class=\"link-more\"><a href=\"https:\/\/hermann-von-salza.vcp-starkenburg.de\/?page_id=8\" class=\"more-link\"><span class=\"screen-reader-text\">\u201e\u00dcber uns\u201c<\/span> weiterlesen<\/a><\/p>\n","protected":false},"author":2,"featured_media":0,"parent":0,"menu_order":0,"comment_status":"closed","ping_status":"closed","template":"","meta":{"footnotes":""},"class_list":["post-8","page","type-page","status-publish","hentry"],"_links":{"self":[{"href":"https:\/\/hermann-von-salza.vcp-starkenburg.de\/index.php?rest_route=\/wp\/v2\/pages\/8","targetHints":{"allow":["GET"]}}],"collection":[{"href":"https:\/\/hermann-von-salza.vcp-starkenburg.de\/index.php?rest_route=\/wp\/v2\/pages"}],"about":[{"href":"https:\/\/hermann-von-salza.vcp-starkenburg.de\/index.php?rest_route=\/wp\/v2\/types\/page"}],"author":[{"embeddable":true,"href":"https:\/\/hermann-von-salza.vcp-starkenburg.de\/index.php?rest_route=\/wp\/v2\/users\/2"}],"replies":[{"embeddable":true,"href":"https:\/\/hermann-von-salza.vcp-starkenburg.de\/index.php?rest_route=%2Fwp%2Fv2%2Fcomments&post=8"}],"version-history":[{"count":4,"href":"https:\/\/hermann-von-salza.vcp-starkenburg.de\/index.php?rest_route=\/wp\/v2\/pages\/8\/revisions"}],"predecessor-version":[{"id":167,"href":"https:\/\/hermann-von-salza.vcp-starkenburg.de\/index.php?rest_route=\/wp\/v2\/pages\/8\/revisions\/167"}],"wp:attachment":[{"href":"https:\/\/hermann-von-salza.vcp-starkenburg.de\/index.php?rest_route=%2Fwp%2Fv2%2Fmedia&parent=8"}],"curies":[{"name":"wp","href":"https:\/\/api.w.org\/{rel}","templated":true}]}}